{"id":863,"date":"2021-03-25T00:02:53","date_gmt":"2021-03-24T23:02:53","guid":{"rendered":"https:\/\/clos-salibert.fr\/?page_id=863"},"modified":"2021-03-25T00:10:45","modified_gmt":"2021-03-24T23:10:45","slug":"organisation","status":"publish","type":"page","link":"https:\/\/clos-salibert.fr\/index.php\/organisation\/","title":{"rendered":"Organisation"},"content":{"rendered":"<p><section class=\"kc-elm kc-css-952517 kc_row\"><div class=\"kc-row-container  kc-container\"><div class=\"kc-wrap-columns\"><div class=\"kc-elm kc-css-320846 kc_col-sm-12 kc_column kc_col-sm-12\"><div class=\"kc-col-container\"><div class=\"kc-elm kc-css-464779 kc_text_block\"><\/p>\n<h1 style=\"text-align: center;\"><strong>Organisation<\/strong><\/h1>\n<p>\n<\/div><\/div><\/div><\/div><\/div><\/section><section class=\"kc-elm kc-css-177233 kc_row\"><div class=\"kc-row-container  kc-container\"><div class=\"kc-wrap-columns\"><div class=\"kc-elm kc-css-124240 kc_col-sm-12 kc_column kc_col-sm-12\"><div class=\"kc-col-container\"><div class=\"kc-elm kc-css-144813 kc_text_block\"><\/p>\n<p>&gt; <strong>Organisation<\/strong><\/p>\n<p>\n<\/div><\/div><\/div><\/div><\/div><\/section><section class=\"kc-elm kc-css-75507 kc_row\"><div class=\"kc-row-container  kc-container\"><div class=\"kc-wrap-columns\"><div class=\"kc-elm kc-css-113474 kc_col-sm-12 kc_column kc_col-sm-12\"><div class=\"kc-col-container\"><div class=\"kc-elm kc-css-916204 kc_text_block\"><\/p>\n<p><strong>Sommaire :\u00a0<\/strong><\/p>\n<ul>\n<li><a href=\"https:\/\/clos-salibert.fr\/index.php\/presentation-generale-administration\/\">Pr\u00e9sentation g\u00e9n\u00e9rale et administration<\/a>\n<ul>\n<li><a href=\"https:\/\/clos-salibert.fr\/index.php\/presentation-generale-administration\/#assemble\">Assembl\u00e9e g\u00e9n\u00e9rale<\/a><\/li>\n<li><a href=\"https:\/\/clos-salibert.fr\/index.php\/presentation-generale-administration\/#syndic\">Syndic<\/a><\/li>\n<li><a href=\"https:\/\/clos-salibert.fr\/index.php\/presentation-generale-administration\/#syndicat\">Syndicat des copropri\u00e9taires<\/a><\/li>\n<li><a href=\"https:\/\/clos-salibert.fr\/index.php\/presentation-generale-administration\/#conseil\">Conseil syndical<\/a><\/li>\n<li><a href=\"https:\/\/clos-salibert.fr\/index.php\/presentation-generale-administration\/#conseils\">Conseils syndicaux secondaires<\/a><\/li>\n<li><a href=\"https:\/\/clos-salibert.fr\/index.php\/presentation-generale-administration\/#reglement\">R\u00e8glement de copropri\u00e9t\u00e9<\/a><\/li>\n<\/ul>\n<\/li>\n<li><a href=\"https:\/\/clos-salibert.fr\/index.php\/contacts\/\">Contacts<\/a>\n<ul>\n<li><a href=\"https:\/\/clos-salibert.fr\/index.php\/contacts\/#president\">Les pr\u00e9sidents<\/a><\/li>\n<li><a href=\"https:\/\/clos-salibert.fr\/index.php\/contacts\/#gardiennage\">Le gardiennage<\/a><\/li>\n<li><a href=\"https:\/\/clos-salibert.fr\/index.php\/contacts\/#syndic\">Le syndic<\/a><\/li>\n<\/ul>\n<\/li>\n<\/ul>\n<p>\n<\/div><\/div><\/div><\/div><\/div><\/section><\/p>\n","protected":false},"excerpt":{"rendered":"","protected":false},"author":1,"featured_media":0,"parent":0,"menu_order":0,"comment_status":"closed","ping_status":"closed","template":"","meta":{"site-sidebar-layout":"no-sidebar","site-content-layout":"default","ast-site-content-layout":"default","site-content-style":"default","site-sidebar-style":"default","ast-global-header-display":"","ast-banner-title-visibility":"","ast-main-header-display":"","ast-hfb-above-header-display":"","ast-hfb-below-header-display":"","ast-hfb-mobile-header-display":"","site-post-title":"disabled","ast-breadcrumbs-content":"","ast-featured-img":"","footer-sml-layout":"","ast-disable-related-posts":"","theme-transparent-header-meta":"default","adv-header-id-meta":"","stick-header-meta":"","header-above-stick-meta":"","header-main-stick-meta":"","header-below-stick-meta":"","astra-migrate-meta-layouts":"default","ast-page-background-enabled":"default","ast-page-background-meta":{"desktop":{"background-color":"var(--ast-global-color-4)","background-image":"","background-repeat":"repeat","background-position":"center center","background-size":"auto","background-attachment":"scroll","background-type":"","background-media":"","overlay-type":"","overlay-color":"","overlay-opacity":"","overlay-gradient":""},"tablet":{"background-color":"","background-image":"","background-repeat":"repeat","background-position":"center center","background-size":"auto","background-attachment":"scroll","background-type":"","background-media":"","overlay-type":"","overlay-color":"","overlay-opacity":"","overlay-gradient":""},"mobile":{"background-color":"","background-image":"","background-repeat":"repeat","background-position":"center center","background-size":"auto","background-attachment":"scroll","background-type":"","background-media":"","overlay-type":"","overlay-color":"","overlay-opacity":"","overlay-gradient":""}},"ast-content-background-meta":{"desktop":{"background-color":"var(--ast-global-color-5)","background-image":"","background-repeat":"repeat","background-position":"center center","background-size":"auto","background-attachment":"scroll","background-type":"","background-media":"","overlay-type":"","overlay-color":"","overlay-opacity":"","overlay-gradient":""},"tablet":{"background-color":"var(--ast-global-color-5)","background-image":"","background-repeat":"repeat","background-position":"center center","background-size":"auto","background-attachment":"scroll","background-type":"","background-media":"","overlay-type":"","overlay-color":"","overlay-opacity":"","overlay-gradient":""},"mobile":{"background-color":"var(--ast-global-color-5)","background-image":"","background-repeat":"repeat","background-position":"center center","background-size":"auto","background-attachment":"scroll","background-type":"","background-media":"","overlay-type":"","overlay-color":"","overlay-opacity":"","overlay-gradient":""}},"footnotes":""},"class_list":["post-863","page","type-page","status-publish","hentry"],"_links":{"self":[{"href":"https:\/\/clos-salibert.fr\/index.php\/wp-json\/wp\/v2\/pages\/863","targetHints":{"allow":["GET"]}}],"collection":[{"href":"https:\/\/clos-salibert.fr\/index.php\/wp-json\/wp\/v2\/pages"}],"about":[{"href":"https:\/\/clos-salibert.fr\/index.php\/wp-json\/wp\/v2\/types\/page"}],"author":[{"embeddable":true,"href":"https:\/\/clos-salibert.fr\/index.php\/wp-json\/wp\/v2\/users\/1"}],"replies":[{"embeddable":true,"href":"https:\/\/clos-salibert.fr\/index.php\/wp-json\/wp\/v2\/comments?post=863"}],"version-history":[{"count":0,"href":"https:\/\/clos-salibert.fr\/index.php\/wp-json\/wp\/v2\/pages\/863\/revisions"}],"wp:attachment":[{"href":"https:\/\/clos-salibert.fr\/index.php\/wp-json\/wp\/v2\/media?parent=863"}],"curies":[{"name":"wp","href":"https:\/\/api.w.org\/{rel}","templated":true}]}}