{"id":762,"date":"2021-03-24T00:25:52","date_gmt":"2021-03-23T23:25:52","guid":{"rendered":"https:\/\/clos-salibert.fr\/?page_id=762"},"modified":"2021-04-08T23:39:37","modified_gmt":"2021-04-08T21:39:37","slug":"documentation","status":"publish","type":"page","link":"https:\/\/clos-salibert.fr\/index.php\/documentation\/","title":{"rendered":"Documentation"},"content":{"rendered":"<p><section class=\"kc-elm kc-css-553539 kc_row\"><div class=\"kc-row-container  kc-container\"><div class=\"kc-wrap-columns\"><div class=\"kc-elm kc-css-574051 kc_col-sm-12 kc_column kc_col-sm-12\"><div class=\"kc-col-container\"><div class=\"kc-elm kc-css-32084 kc_text_block\"><\/p>\n<h1 style=\"text-align: center;\"><strong>Documentation<\/strong><\/h1>\n<p>\n<\/div><\/div><\/div><\/div><\/div><\/section><section class=\"kc-elm kc-css-43663 kc_row\"><div class=\"kc-row-container  kc-container\"><div class=\"kc-wrap-columns\"><div class=\"kc-elm kc-css-695662 kc_col-sm-12 kc_column kc_col-sm-12\"><div class=\"kc-col-container\"><div class=\"kc-elm kc-css-778734 kc_text_block\"><\/p>\n<p>\n<strong>> Documentation<\/strong><\/p>\n<p>\n<\/div><\/div><\/div><\/div><\/div><\/section><section class=\"kc-elm kc-css-90792 kc_row\"><div class=\"kc-row-container  kc-container\"><div class=\"kc-wrap-columns\"><div class=\"kc-elm kc-css-434454 kc_col-sm-12 kc_column kc_col-sm-12\"><div class=\"kc-col-container\"><div class=\"kc-elm kc-css-981449 kc_text_block\"><\/p>\n<h5><strong>Sommaire\u00a0<\/strong><\/h5>\n<ul>\n<li style=\"list-style-type: none;\">\n<ul>\n<li><a href=\"https:\/\/clos-salibert.fr\/index.php\/reglement-de-copropriete\/\">R\u00e8glements de copropri\u00e9t\u00e9 et avenants<\/a><\/li>\n<li><a href=\"https:\/\/clos-salibert.fr\/index.php\/membres-des-conseils-syndicaux\/\">Membres des conseils syndicaux<\/a><\/li>\n<li><a href=\"https:\/\/clos-salibert.fr\/index.php\/charges-et-budgets\/\">Charges et budgets<\/a><\/li>\n<li><a href=\"https:\/\/clos-salibert.fr\/index.php\/proces-verbaux-ag\/\">Proc\u00e8s verbaux des AG &#8211; Comptes rendus des CS<\/a><\/li>\n<li><a href=\"https:\/\/clos-salibert.fr\/index.php\/travaux-vote-en-ag\/\">Travaux vot\u00e9s en AG et carnet d&rsquo;entretien<\/a><\/li>\n<li><a href=\"https:\/\/clos-salibert.fr\/index.php\/contrats-collectifs\/\">Contrats collectifs<\/a><\/li>\n<li><a href=\"https:\/\/clos-salibert.fr\/index.php\/contrats-tv-tel-internet\/\">Contrat TV &#8211; T\u00e9l &#8211; Internet<\/a>\n<ul>\n<li><a href=\"https:\/\/clos-salibert.fr\/index.php\/numericable\/\">Num\u00e9ricable<\/a><\/li>\n<li><a href=\"https:\/\/clos-salibert.fr\/index.php\/projet-fibre\/\">Convention fibre optique<\/a><\/li>\n<\/ul>\n<\/li>\n<li><a href=\"https:\/\/clos-salibert.fr\/index.php\/fournisseurs\/\">Fournisseurs<\/a>\n<ul>\n<li><a href=\"https:\/\/clos-salibert.fr\/index.php\/equipement-de-jardinage\/\">Equipement de jardinage<\/a><\/li>\n<li><a href=\"https:\/\/clos-salibert.fr\/index.php\/boite-aux-lettres\/\">Boites aux lettres<\/a><\/li>\n<li><a href=\"https:\/\/clos-salibert.fr\/index.php\/autres-fournisseurs\/\">Autres<\/a><\/li>\n<\/ul>\n<\/li>\n<li><a href=\"https:\/\/clos-salibert.fr\/index.php\/inventaire-equipement-de-jardinage\/\">Inventaire des \u00e9quipements de jardin<\/a><\/li>\n<li><a href=\"https:\/\/clos-salibert.fr\/index.php\/plans\/\">Plans<\/a><\/li>\n<li><a href=\"https:\/\/clos-salibert.fr\/index.php\/travaux-collectifs\/\">Travaux collectifs<\/a><\/li>\n<li><a href=\"https:\/\/clos-salibert.fr\/index.php\/charte-dethique-du-systeme-de-videosurveillance\/\">Charte d&rsquo;\u00e9thique du syst\u00e8me de vid\u00e9osurveillance<\/a><\/li>\n<li><a href=\"https:\/\/clos-salibert.fr\/index.php\/droit-a-la-prise\/\">Droit \u00e0 la prise<\/a><\/li>\n<\/ul>\n<\/li>\n<\/ul>\n<p>\n<\/div><\/div><\/div><\/div><\/div><\/section><\/p>\n","protected":false},"excerpt":{"rendered":"","protected":false},"author":1,"featured_media":0,"parent":0,"menu_order":0,"comment_status":"closed","ping_status":"closed","template":"","meta":{"site-sidebar-layout":"no-sidebar","site-content-layout":"default","ast-site-content-layout":"default","site-content-style":"default","site-sidebar-style":"default","ast-global-header-display":"","ast-banner-title-visibility":"","ast-main-header-display":"","ast-hfb-above-header-display":"","ast-hfb-below-header-display":"","ast-hfb-mobile-header-display":"","site-post-title":"disabled","ast-breadcrumbs-content":"","ast-featured-img":"","footer-sml-layout":"","ast-disable-related-posts":"","theme-transparent-header-meta":"default","adv-header-id-meta":"","stick-header-meta":"","header-above-stick-meta":"","header-main-stick-meta":"","header-below-stick-meta":"","astra-migrate-meta-layouts":"default","ast-page-background-enabled":"default","ast-page-background-meta":{"desktop":{"background-color":"var(--ast-global-color-4)","background-image":"","background-repeat":"repeat","background-position":"center center","background-size":"auto","background-attachment":"scroll","background-type":"","background-media":"","overlay-type":"","overlay-color":"","overlay-opacity":"","overlay-gradient":""},"tablet":{"background-color":"","background-image":"","background-repeat":"repeat","background-position":"center center","background-size":"auto","background-attachment":"scroll","background-type":"","background-media":"","overlay-type":"","overlay-color":"","overlay-opacity":"","overlay-gradient":""},"mobile":{"background-color":"","background-image":"","background-repeat":"repeat","background-position":"center center","background-size":"auto","background-attachment":"scroll","background-type":"","background-media":"","overlay-type":"","overlay-color":"","overlay-opacity":"","overlay-gradient":""}},"ast-content-background-meta":{"desktop":{"background-color":"var(--ast-global-color-5)","background-image":"","background-repeat":"repeat","background-position":"center center","background-size":"auto","background-attachment":"scroll","background-type":"","background-media":"","overlay-type":"","overlay-color":"","overlay-opacity":"","overlay-gradient":""},"tablet":{"background-color":"var(--ast-global-color-5)","background-image":"","background-repeat":"repeat","background-position":"center center","background-size":"auto","background-attachment":"scroll","background-type":"","background-media":"","overlay-type":"","overlay-color":"","overlay-opacity":"","overlay-gradient":""},"mobile":{"background-color":"var(--ast-global-color-5)","background-image":"","background-repeat":"repeat","background-position":"center center","background-size":"auto","background-attachment":"scroll","background-type":"","background-media":"","overlay-type":"","overlay-color":"","overlay-opacity":"","overlay-gradient":""}},"footnotes":""},"class_list":["post-762","page","type-page","status-publish","hentry"],"_links":{"self":[{"href":"https:\/\/clos-salibert.fr\/index.php\/wp-json\/wp\/v2\/pages\/762","targetHints":{"allow":["GET"]}}],"collection":[{"href":"https:\/\/clos-salibert.fr\/index.php\/wp-json\/wp\/v2\/pages"}],"about":[{"href":"https:\/\/clos-salibert.fr\/index.php\/wp-json\/wp\/v2\/types\/page"}],"author":[{"embeddable":true,"href":"https:\/\/clos-salibert.fr\/index.php\/wp-json\/wp\/v2\/users\/1"}],"replies":[{"embeddable":true,"href":"https:\/\/clos-salibert.fr\/index.php\/wp-json\/wp\/v2\/comments?post=762"}],"version-history":[{"count":2,"href":"https:\/\/clos-salibert.fr\/index.php\/wp-json\/wp\/v2\/pages\/762\/revisions"}],"predecessor-version":[{"id":1217,"href":"https:\/\/clos-salibert.fr\/index.php\/wp-json\/wp\/v2\/pages\/762\/revisions\/1217"}],"wp:attachment":[{"href":"https:\/\/clos-salibert.fr\/index.php\/wp-json\/wp\/v2\/media?parent=762"}],"curies":[{"name":"wp","href":"https:\/\/api.w.org\/{rel}","templated":true}]}}