{"id":76,"date":"2021-03-21T13:32:47","date_gmt":"2021-03-21T12:32:47","guid":{"rendered":"https:\/\/clos-salibert.fr\/?page_id=76"},"modified":"2021-04-22T23:12:15","modified_gmt":"2021-04-22T21:12:15","slug":"plan-du-site","status":"publish","type":"page","link":"https:\/\/clos-salibert.fr\/index.php\/plan-du-site\/","title":{"rendered":"Plan du site"},"content":{"rendered":"<p><section class=\"kc-elm kc-css-980590 kc_row\"><div class=\"kc-row-container  kc-container\"><div class=\"kc-wrap-columns\"><div class=\"kc-elm kc-css-96963 kc_col-sm-12 kc_column kc_col-sm-12\"><div class=\"kc-col-container\"><div class=\"kc-elm kc-css-63770 kc_text_block\"><\/p>\n<h1 style=\"text-align: center;\"><strong>Plan du site<\/strong><\/h1>\n<p>\n<\/div><\/div><\/div><\/div><\/div><\/section><section class=\"kc-elm kc-css-556329 kc_row\"><div class=\"kc-row-container  kc-container\"><div class=\"kc-wrap-columns\"><div class=\"kc-elm kc-css-710817 kc_col-sm-12 kc_column kc_col-sm-12\"><div class=\"kc-col-container\"><div class=\"kc-elm kc-css-890520 kc_text_block\"><\/p>\n<p>> <strong>Plan du site<\/strong><\/p>\n<p>\n<\/div><\/div><\/div><\/div><\/div><\/section><section class=\"kc-elm kc-css-36958 kc_row\"><div class=\"kc-row-container  kc-container\"><div class=\"kc-wrap-columns\"><div class=\"kc-elm kc-css-132606 kc_col-sm-12 kc_column kc_col-sm-12\"><div class=\"kc-col-container\"><div class=\"kc-elm kc-css-600908 kc_text_block\"><\/p>\n<ul>\n<li><a href=\"https:\/\/clos-salibert.fr\/index.php\/presentation\/\">Pr\u00e9sentation<\/a>\n<ul>\n<li><a href=\"https:\/\/clos-salibert.fr\/\">Accueil<\/a><\/li>\n<li><a href=\"https:\/\/clos-salibert.fr\/index.php\/descriptif\/\">Descriptif<\/a><\/li>\n<li><a href=\"https:\/\/clos-salibert.fr\/index.php\/plan-dacces\/\">Plan d\u2019acc\u00e8s<\/a><\/li>\n<li><a href=\"https:\/\/clos-salibert.fr\/index.php\/plan-dacces\/#plan\">Plan de la r\u00e9sidence<\/a><\/li>\n<li><a href=\"https:\/\/clos-salibert.fr\/index.php\/types-dhabitation\/\">Types d\u2019habitation<\/a>\n<ul>\n<li><a href=\"https:\/\/clos-salibert.fr\/index.php\/types-dhabitation\/#villa\">Villas<\/a><\/li>\n<li><a href=\"https:\/\/clos-salibert.fr\/index.php\/types-dhabitation\/#appart\">Appartements<\/a><\/li>\n<\/ul>\n<\/li>\n<li><a href=\"https:\/\/clos-salibert.fr\/index.php\/galerie-photos\/\">Galerie photos<\/a><\/li>\n<\/ul>\n<\/li>\n<li><a href=\"https:\/\/clos-salibert.fr\/index.php\/organisation\/\">Organisation<\/a>\n<ul>\n<li><a href=\"https:\/\/clos-salibert.fr\/index.php\/presentation-generale-administration\/\">Pr\u00e9sentation g\u00e9n\u00e9rale et administration<\/a>\n<ul>\n<li><a href=\"https:\/\/clos-salibert.fr\/index.php\/presentation-generale-administration\/#assemble\">Assembl\u00e9e g\u00e9n\u00e9rale<\/a><\/li>\n<li><a href=\"https:\/\/clos-salibert.fr\/index.php\/presentation-generale-administration\/#syndic\">Syndic<\/a><\/li>\n<li><a href=\"https:\/\/clos-salibert.fr\/index.php\/presentation-generale-administration\/#syndicat\">Syndicat des copropri\u00e9taires<\/a><\/li>\n<li><a href=\"https:\/\/clos-salibert.fr\/index.php\/presentation-generale-administration\/#conseil\">Conseil syndical<\/a><\/li>\n<li><a href=\"https:\/\/clos-salibert.fr\/index.php\/presentation-generale-administration\/#conseils\">Conseils syndicaux secondaires<\/a><\/li>\n<li><a href=\"https:\/\/clos-salibert.fr\/index.php\/presentation-generale-administration\/#reglement\">R\u00e8glement de copropri\u00e9t\u00e9<\/a><\/li>\n<\/ul>\n<\/li>\n<\/ul>\n<\/li>\n<li><a href=\"https:\/\/clos-salibert.fr\/index.php\/contacts\/\">Contacts<\/a>\n<ul>\n<li><a href=\"https:\/\/clos-salibert.fr\/index.php\/contacts\/#president\">Les pr\u00e9sidents<\/a><\/li>\n<li><a href=\"https:\/\/clos-salibert.fr\/index.php\/contacts\/#gardiennage\">Le gardiennage<\/a><\/li>\n<li><a href=\"https:\/\/clos-salibert.fr\/index.php\/contacts\/#syndic\">Le syndic<\/a><\/li>\n<\/ul>\n<\/li>\n<li><a href=\"https:\/\/clos-salibert.fr\/index.php\/vie-des-residents\/\">La vie des r\u00e9sidents<\/a>\n<ul>\n<li><a href=\"https:\/\/clos-salibert.fr\/index.php\/dernieres-nouvelles\/\">Derni\u00e8res nouvelles<\/a><\/li>\n<li><a href=\"https:\/\/clos-salibert.fr\/index.php\/b-a-ba-du-resident\/\">B.A. &#8211; BA du r\u00e9sident<\/a><\/li>\n<li><a href=\"https:\/\/clos-salibert.fr\/index.php\/liens-et-adresses-utiles\/\">Liens et adresses utiles<\/a><\/li>\n<\/ul>\n<\/li>\n<li><a href=\"https:\/\/clos-salibert.fr\/index.php\/documentation\/\">Documentation<\/a>\n<ul>\n<li><a href=\"https:\/\/clos-salibert.fr\/index.php\/reglement-de-copropriete\/\">R\u00e8glements de copropri\u00e9t\u00e9 et avenants<\/a><\/li>\n<li><a href=\"https:\/\/clos-salibert.fr\/index.php\/membres-des-conseils-syndicaux\/\">Membres des conseils syndicaux<\/a><\/li>\n<li><a href=\"https:\/\/clos-salibert.fr\/index.php\/charges-et-budgets\/\">Charges et budgets<\/a><\/li>\n<li><a href=\"https:\/\/clos-salibert.fr\/index.php\/proces-verbaux-ag\/\">Proc\u00e8s verbaux des AG \u2013 Comptes rendus des CS<\/a><\/li>\n<li><a href=\"https:\/\/clos-salibert.fr\/index.php\/travaux-vote-en-ag\/\">Travaux vot\u00e9s en AG et carnet d&rsquo;entretien<\/a><\/li>\n<li><a href=\"https:\/\/clos-salibert.fr\/index.php\/contrats-collectifs\/\">Contrats collectifs<\/a><\/li>\n<li><a href=\"https:\/\/clos-salibert.fr\/index.php\/contrats-tv-tel-internet\/\">Contrats TV &#8211; T\u00e9l &#8211; Internet<\/a>\n<ul>\n<li><a href=\"https:\/\/clos-salibert.fr\/index.php\/numericable\/\">Num\u00e9ricable<\/a><\/li>\n<li><a href=\"https:\/\/clos-salibert.fr\/index.php\/projet-fibre\/\">Convention fibre optique<\/a><\/li>\n<\/ul>\n<\/li>\n<li><a href=\"https:\/\/clos-salibert.fr\/index.php\/fournisseurs\/\">Fournisseurs :<\/a>\n<ul>\n<li><a href=\"https:\/\/clos-salibert.fr\/index.php\/equipement-de-jardinage\/\">Equipement de jardinage<\/a><\/li>\n<li><a href=\"https:\/\/clos-salibert.fr\/index.php\/boite-aux-lettres\/\">Boites aux lettres<\/a><\/li>\n<li><a href=\"https:\/\/clos-salibert.fr\/index.php\/autres-fournisseurs\/\">Autres<\/a><\/li>\n<\/ul>\n<\/li>\n<li><a href=\"https:\/\/clos-salibert.fr\/index.php\/inventaire-equipement-de-jardinage\/\">Inventaire des \u00e9quipements de jardin<\/a><\/li>\n<li><a href=\"https:\/\/clos-salibert.fr\/index.php\/plans\/\">Plans<\/a><\/li>\n<li><a href=\"https:\/\/clos-salibert.fr\/index.php\/travaux-collectifs\/\">Travaux collectifs<\/a><\/li>\n<li><a href=\"https:\/\/clos-salibert.fr\/index.php\/charte-dethique-du-systeme-de-videosurveillance\/\">Charte d&rsquo;\u00e9thique du syst\u00e8me de vid\u00e9osurveillance<\/a><\/li>\n<li><a href=\"https:\/\/clos-salibert.fr\/index.php\/droit-a-la-prise\/\">Droit \u00e0 la prise<\/a><\/li>\n<\/ul>\n<\/li>\n<\/ul>\n<p>\n<\/div><\/div><\/div><\/div><\/div><\/section><\/p>\n","protected":false},"excerpt":{"rendered":"","protected":false},"author":1,"featured_media":0,"parent":0,"menu_order":0,"comment_status":"closed","ping_status":"closed","template":"","meta":{"site-sidebar-layout":"no-sidebar","site-content-layout":"default","ast-site-content-layout":"default","site-content-style":"default","site-sidebar-style":"default","ast-global-header-display":"","ast-banner-title-visibility":"","ast-main-header-display":"","ast-hfb-above-header-display":"","ast-hfb-below-header-display":"","ast-hfb-mobile-header-display":"","site-post-title":"disabled","ast-breadcrumbs-content":"","ast-featured-img":"","footer-sml-layout":"","ast-disable-related-posts":"","theme-transparent-header-meta":"default","adv-header-id-meta":"","stick-header-meta":"","header-above-stick-meta":"","header-main-stick-meta":"","header-below-stick-meta":"","astra-migrate-meta-layouts":"default","ast-page-background-enabled":"default","ast-page-background-meta":{"desktop":{"background-color":"var(--ast-global-color-4)","background-image":"","background-repeat":"repeat","background-position":"center center","background-size":"auto","background-attachment":"scroll","background-type":"","background-media":"","overlay-type":"","overlay-color":"","overlay-opacity":"","overlay-gradient":""},"tablet":{"background-color":"","background-image":"","background-repeat":"repeat","background-position":"center center","background-size":"auto","background-attachment":"scroll","background-type":"","background-media":"","overlay-type":"","overlay-color":"","overlay-opacity":"","overlay-gradient":""},"mobile":{"background-color":"","background-image":"","background-repeat":"repeat","background-position":"center center","background-size":"auto","background-attachment":"scroll","background-type":"","background-media":"","overlay-type":"","overlay-color":"","overlay-opacity":"","overlay-gradient":""}},"ast-content-background-meta":{"desktop":{"background-color":"var(--ast-global-color-5)","background-image":"","background-repeat":"repeat","background-position":"center center","background-size":"auto","background-attachment":"scroll","background-type":"","background-media":"","overlay-type":"","overlay-color":"","overlay-opacity":"","overlay-gradient":""},"tablet":{"background-color":"var(--ast-global-color-5)","background-image":"","background-repeat":"repeat","background-position":"center center","background-size":"auto","background-attachment":"scroll","background-type":"","background-media":"","overlay-type":"","overlay-color":"","overlay-opacity":"","overlay-gradient":""},"mobile":{"background-color":"var(--ast-global-color-5)","background-image":"","background-repeat":"repeat","background-position":"center center","background-size":"auto","background-attachment":"scroll","background-type":"","background-media":"","overlay-type":"","overlay-color":"","overlay-opacity":"","overlay-gradient":""}},"footnotes":""},"class_list":["post-76","page","type-page","status-publish","hentry"],"_links":{"self":[{"href":"https:\/\/clos-salibert.fr\/index.php\/wp-json\/wp\/v2\/pages\/76","targetHints":{"allow":["GET"]}}],"collection":[{"href":"https:\/\/clos-salibert.fr\/index.php\/wp-json\/wp\/v2\/pages"}],"about":[{"href":"https:\/\/clos-salibert.fr\/index.php\/wp-json\/wp\/v2\/types\/page"}],"author":[{"embeddable":true,"href":"https:\/\/clos-salibert.fr\/index.php\/wp-json\/wp\/v2\/users\/1"}],"replies":[{"embeddable":true,"href":"https:\/\/clos-salibert.fr\/index.php\/wp-json\/wp\/v2\/comments?post=76"}],"version-history":[{"count":4,"href":"https:\/\/clos-salibert.fr\/index.php\/wp-json\/wp\/v2\/pages\/76\/revisions"}],"predecessor-version":[{"id":1234,"href":"https:\/\/clos-salibert.fr\/index.php\/wp-json\/wp\/v2\/pages\/76\/revisions\/1234"}],"wp:attachment":[{"href":"https:\/\/clos-salibert.fr\/index.php\/wp-json\/wp\/v2\/media?parent=76"}],"curies":[{"name":"wp","href":"https:\/\/api.w.org\/{rel}","templated":true}]}}