{"id":563,"date":"2021-03-22T23:34:18","date_gmt":"2021-03-22T22:34:18","guid":{"rendered":"https:\/\/clos-salibert.fr\/?page_id=563"},"modified":"2021-03-25T00:23:59","modified_gmt":"2021-03-24T23:23:59","slug":"st-nom-a-la-fin-du-19em-siecle-et-au-debut-du-20em","status":"publish","type":"page","link":"https:\/\/clos-salibert.fr\/index.php\/st-nom-a-la-fin-du-19em-siecle-et-au-debut-du-20em\/","title":{"rendered":"St Nom \u00e0 la fin du 19em si\u00e8cle et au d\u00e9but du 20em"},"content":{"rendered":"<p><section class=\"kc-elm kc-css-553957 kc_row\"><div class=\"kc-row-container  kc-container\"><div class=\"kc-wrap-columns\"><div class=\"kc-elm kc-css-427493 kc_col-sm-12 kc_column kc_col-sm-12\"><div class=\"kc-col-container\"><div class=\"kc-elm kc-css-768770 kc_text_block\"><\/p>\n<h1 style=\"text-align: center;\"><strong>Galerie 6 : St Nom \u00e0 la fin du 19em si\u00e8cle et au d\u00e9but du 20em<\/strong><\/h1>\n<p style=\"text-align: center;\">Anciennes cartes postales de St Nom la Bret\u00e8che trouv\u00e9es sur Wikipedia<\/p>\n<p>\n<\/div><\/div><\/div><\/div><\/div><\/section><section class=\"kc-elm kc-css-10229 kc_row\"><div class=\"kc-row-container  kc-container\"><div class=\"kc-wrap-columns\"><div class=\"kc-elm kc-css-555695 kc_col-sm-12 kc_column kc_col-sm-12\"><div class=\"kc-col-container\"><div class=\"kc-elm kc-css-947489 kc_text_block\"><\/p>\n<p>&gt; <a href=\"https:\/\/clos-salibert.fr\/index.php\/presentation\/\">Pr\u00e9sentation<\/a> &gt; <a href=\"https:\/\/clos-salibert.fr\/index.php\/galerie-photo\/\">Galerie photos<\/a><strong> &gt; St Nom \u00e0 la fin du 19\u00e8me si\u00e8cle et au d\u00e9but du 20i\u00e8me<\/strong><\/p>\n<p>\n<\/div><\/div><\/div><\/div><\/div><\/section><section class=\"kc-elm kc-css-416590 kc_row\"><div class=\"kc-row-container  kc-container\"><div class=\"kc-wrap-columns\"><div class=\"kc-elm kc-css-110580 kc_col-sm-3 kc_column kc_col-sm-3\"><div class=\"kc-col-container\"><div class=\"kc-elm kc-css-627244 kc_shortcode kc_single_image\">\n\n        <a rel=\"prettyPhoto\" class=\"kc-pretty-photo\" href=\"https:\/\/clos-salibert.fr\/wp-content\/uploads\/2021\/03\/1388922462-78-Saint-Nom-la-B-39.jpg\" title=\"\" target=\"\">\n        <img decoding=\"async\" data-src=\"https:\/\/clos-salibert.fr\/wp-content\/uploads\/2021\/03\/1388922462-78-Saint-Nom-la-B-39.jpg\" alt=\"\" src=\"data:image\/svg+xml;base64,PHN2ZyB3aWR0aD0iMSIgaGVpZ2h0PSIxIiB4bWxucz0iaHR0cDovL3d3dy53My5vcmcvMjAwMC9zdmciPjwvc3ZnPg==\" class=\"lazyload\" style=\"--smush-placeholder-width: 1024px; --smush-placeholder-aspect-ratio: 1024\/657;\" \/>    <\/a>\n    \t    <p class=\"scapt\">La Gare<\/p>\n\t    <\/div>\n<\/div><\/div><div class=\"kc-elm kc-css-525215 kc_col-sm-3 kc_column kc_col-sm-3\"><div class=\"kc-col-container\"><div class=\"kc-elm kc-css-885554 kc_shortcode kc_single_image\">\n\n        <a rel=\"prettyPhoto\" class=\"kc-pretty-photo\" href=\"https:\/\/clos-salibert.fr\/wp-content\/uploads\/2021\/03\/1388922662-78-Saint-Nom-la-B-3.jpg\" title=\"\" target=\"\">\n        <img decoding=\"async\" data-src=\"https:\/\/clos-salibert.fr\/wp-content\/uploads\/2021\/03\/1388922662-78-Saint-Nom-la-B-3.jpg\" alt=\"\" src=\"data:image\/svg+xml;base64,PHN2ZyB3aWR0aD0iMSIgaGVpZ2h0PSIxIiB4bWxucz0iaHR0cDovL3d3dy53My5vcmcvMjAwMC9zdmciPjwvc3ZnPg==\" class=\"lazyload\" style=\"--smush-placeholder-width: 1024px; --smush-placeholder-aspect-ratio: 1024\/648;\" \/>    <\/a>\n    \t    <p class=\"scapt\">La Gare<\/p>\n\t    <\/div>\n<\/div><\/div><div class=\"kc-elm kc-css-505028 kc_col-sm-3 kc_column kc_col-sm-3\"><div class=\"kc-col-container\"><div class=\"kc-elm kc-css-402823 kc_shortcode kc_single_image\">\n\n        <a rel=\"prettyPhoto\" class=\"kc-pretty-photo\" href=\"https:\/\/clos-salibert.fr\/wp-content\/uploads\/2021\/03\/1398590458-78-St-Nom-B-002.jpg\" title=\"\" target=\"\">\n        <img decoding=\"async\" data-src=\"https:\/\/clos-salibert.fr\/wp-content\/uploads\/2021\/03\/1398590458-78-St-Nom-B-002.jpg\" alt=\"\" src=\"data:image\/svg+xml;base64,PHN2ZyB3aWR0aD0iMSIgaGVpZ2h0PSIxIiB4bWxucz0iaHR0cDovL3d3dy53My5vcmcvMjAwMC9zdmciPjwvc3ZnPg==\" class=\"lazyload\" style=\"--smush-placeholder-width: 1024px; --smush-placeholder-aspect-ratio: 1024\/661;\" \/>    <\/a>\n    \t    <p class=\"scapt\">Le Tramway au carrefour de la D307 et la CD98<\/p>\n\t    <\/div>\n<\/div><\/div><div class=\"kc-elm kc-css-631814 kc_col-sm-3 kc_column kc_col-sm-3\"><div class=\"kc-col-container\"><div class=\"kc-elm kc-css-918567 kc_shortcode kc_single_image\">\n\n        <a rel=\"prettyPhoto\" class=\"kc-pretty-photo\" href=\"https:\/\/clos-salibert.fr\/wp-content\/uploads\/2021\/03\/St-Nom_Gare_du_Tramway.jpg\" title=\"\" target=\"\">\n        <img decoding=\"async\" data-src=\"https:\/\/clos-salibert.fr\/wp-content\/uploads\/2021\/03\/St-Nom_Gare_du_Tramway.jpg\" alt=\"\" src=\"data:image\/svg+xml;base64,PHN2ZyB3aWR0aD0iMSIgaGVpZ2h0PSIxIiB4bWxucz0iaHR0cDovL3d3dy53My5vcmcvMjAwMC9zdmciPjwvc3ZnPg==\" class=\"lazyload\" style=\"--smush-placeholder-width: 1642px; --smush-placeholder-aspect-ratio: 1642\/1055;\" \/>    <\/a>\n    \t    <p class=\"scapt\">La Porte<\/p>\n\t    <\/div>\n<\/div><\/div><\/div><\/div><\/section><section class=\"kc-elm kc-css-484553 kc_row\"><div class=\"kc-row-container  kc-container\"><div class=\"kc-wrap-columns\"><div class=\"kc-elm kc-css-406667 kc_col-sm-3 kc_column kc_col-sm-3\"><div class=\"kc-col-container\"><div class=\"kc-elm kc-css-332122 kc_shortcode kc_single_image\">\n\n        <a rel=\"prettyPhoto\" class=\"kc-pretty-photo\" href=\"https:\/\/clos-salibert.fr\/wp-content\/uploads\/2021\/03\/Tramway.jpg\" title=\"\" target=\"\">\n        <img decoding=\"async\" data-src=\"https:\/\/clos-salibert.fr\/wp-content\/uploads\/2021\/03\/Tramway.jpg\" alt=\"\" src=\"data:image\/svg+xml;base64,PHN2ZyB3aWR0aD0iMSIgaGVpZ2h0PSIxIiB4bWxucz0iaHR0cDovL3d3dy53My5vcmcvMjAwMC9zdmciPjwvc3ZnPg==\" class=\"lazyload\" style=\"--smush-placeholder-width: 300px; --smush-placeholder-aspect-ratio: 300\/203;\" \/>    <\/a>\n    \t    <p class=\"scapt\">Description bref du Tramway de Versailles \u00e0 Maule<\/p>\n\t    <\/div>\n<\/div><\/div><div class=\"kc-elm kc-css-530891 kc_col-sm-3 kc_column kc_col-sm-3\"><div class=\"kc-col-container\"><\/div><\/div><div class=\"kc-elm kc-css-298900 kc_col-sm-3 kc_column kc_col-sm-3\"><div class=\"kc-col-container\"><\/div><\/div><div class=\"kc-elm kc-css-964770 kc_col-sm-3 kc_column kc_col-sm-3\"><div class=\"kc-col-container\"><\/div><\/div><\/div><\/div><\/section><\/p>\n","protected":false},"excerpt":{"rendered":"","protected":false},"author":1,"featured_media":0,"parent":0,"menu_order":0,"comment_status":"closed","ping_status":"closed","template":"","meta":{"site-sidebar-layout":"no-sidebar","site-content-layout":"default","ast-site-content-layout":"default","site-content-style":"default","site-sidebar-style":"default","ast-global-header-display":"","ast-banner-title-visibility":"","ast-main-header-display":"","ast-hfb-above-header-display":"","ast-hfb-below-header-display":"","ast-hfb-mobile-header-display":"","site-post-title":"disabled","ast-breadcrumbs-content":"","ast-featured-img":"","footer-sml-layout":"","ast-disable-related-posts":"","theme-transparent-header-meta":"default","adv-header-id-meta":"","stick-header-meta":"","header-above-stick-meta":"","header-main-stick-meta":"","header-below-stick-meta":"","astra-migrate-meta-layouts":"default","ast-page-background-enabled":"default","ast-page-background-meta":{"desktop":{"background-color":"var(--ast-global-color-4)","background-image":"","background-repeat":"repeat","background-position":"center center","background-size":"auto","background-attachment":"scroll","background-type":"","background-media":"","overlay-type":"","overlay-color":"","overlay-opacity":"","overlay-gradient":""},"tablet":{"background-color":"","background-image":"","background-repeat":"repeat","background-position":"center center","background-size":"auto","background-attachment":"scroll","background-type":"","background-media":"","overlay-type":"","overlay-color":"","overlay-opacity":"","overlay-gradient":""},"mobile":{"background-color":"","background-image":"","background-repeat":"repeat","background-position":"center center","background-size":"auto","background-attachment":"scroll","background-type":"","background-media":"","overlay-type":"","overlay-color":"","overlay-opacity":"","overlay-gradient":""}},"ast-content-background-meta":{"desktop":{"background-color":"var(--ast-global-color-5)","background-image":"","background-repeat":"repeat","background-position":"center center","background-size":"auto","background-attachment":"scroll","background-type":"","background-media":"","overlay-type":"","overlay-color":"","overlay-opacity":"","overlay-gradient":""},"tablet":{"background-color":"var(--ast-global-color-5)","background-image":"","background-repeat":"repeat","background-position":"center center","background-size":"auto","background-attachment":"scroll","background-type":"","background-media":"","overlay-type":"","overlay-color":"","overlay-opacity":"","overlay-gradient":""},"mobile":{"background-color":"var(--ast-global-color-5)","background-image":"","background-repeat":"repeat","background-position":"center center","background-size":"auto","background-attachment":"scroll","background-type":"","background-media":"","overlay-type":"","overlay-color":"","overlay-opacity":"","overlay-gradient":""}},"footnotes":""},"class_list":["post-563","page","type-page","status-publish","hentry"],"_links":{"self":[{"href":"https:\/\/clos-salibert.fr\/index.php\/wp-json\/wp\/v2\/pages\/563","targetHints":{"allow":["GET"]}}],"collection":[{"href":"https:\/\/clos-salibert.fr\/index.php\/wp-json\/wp\/v2\/pages"}],"about":[{"href":"https:\/\/clos-salibert.fr\/index.php\/wp-json\/wp\/v2\/types\/page"}],"author":[{"embeddable":true,"href":"https:\/\/clos-salibert.fr\/index.php\/wp-json\/wp\/v2\/users\/1"}],"replies":[{"embeddable":true,"href":"https:\/\/clos-salibert.fr\/index.php\/wp-json\/wp\/v2\/comments?post=563"}],"version-history":[{"count":0,"href":"https:\/\/clos-salibert.fr\/index.php\/wp-json\/wp\/v2\/pages\/563\/revisions"}],"wp:attachment":[{"href":"https:\/\/clos-salibert.fr\/index.php\/wp-json\/wp\/v2\/media?parent=563"}],"curies":[{"name":"wp","href":"https:\/\/api.w.org\/{rel}","templated":true}]}}