{"id":134,"date":"2021-03-21T15:51:51","date_gmt":"2021-03-21T14:51:51","guid":{"rendered":"https:\/\/clos-salibert.fr\/?page_id=134"},"modified":"2021-03-25T00:23:02","modified_gmt":"2021-03-24T23:23:02","slug":"types-dhabitation","status":"publish","type":"page","link":"https:\/\/clos-salibert.fr\/index.php\/types-dhabitation\/","title":{"rendered":"Types d&rsquo;habitation"},"content":{"rendered":"<p><section class=\"kc-elm kc-css-33150 kc_row\"><div class=\"kc-row-container  kc-container\"><div class=\"kc-wrap-columns\"><div class=\"kc-elm kc-css-853003 kc_col-sm-12 kc_column kc_col-sm-12\"><div class=\"kc-col-container\"><div class=\"kc-elm kc-css-938658 kc_text_block\"><\/p>\n<h1 style=\"text-align: center;\"><strong>Types d&#039;habitation<\/strong><\/h1>\n<p>\n<\/div><\/div><\/div><\/div><\/div><\/section><section class=\"kc-elm kc-css-839290 kc_row\"><div class=\"kc-row-container  kc-container\"><div class=\"kc-wrap-columns\"><div class=\"kc-elm kc-css-876872 kc_col-sm-12 kc_column kc_col-sm-12\"><div class=\"kc-col-container\"><div class=\"kc-elm kc-css-755369 kc_text_block\"><\/p>\n<p>&gt; <a href=\"https:\/\/clos-salibert.fr\/index.php\/presentation\/\">Pr\u00e9sentation<\/a> &gt; <strong>Types d&rsquo;habitation<\/strong><\/p>\n<p>\n<\/div><\/div><\/div><\/div><\/div><\/section><section class=\"kc-elm kc-css-324902 kc_row\"><div class=\"kc-row-container  kc-container\"><div class=\"kc-wrap-columns\"><div class=\"kc-elm kc-css-761519 kc_col-sm-12 kc_column kc_col-sm-12\"><div class=\"kc-col-container\"><div class=\"kc-elm kc-css-642799 kc_text_block\"><\/p>\n<p>\n<a id=\"villa\"><\/a><strong><span style=\"color: #006600;\">I \u2013 Villas<\/span><\/strong><\/p>\n<p class=\"unnamed1\" align=\"justify\"><u>Type A1 \u2013<\/u>\u00a0Une maison comprenant\u00a0:<br \/><u>Au rez\u2013de\u2013chauss\u00e9e\u00a0:<\/u><br \/>Hall d\u2019entr\u00e9e, s\u00e9jour, salle \u00e0 manger, cuisine, cellier, cabinet d\u2019aisances, placards, garage.<br \/><u>Au premier \u00e9tage\u00a0<\/u>:<br \/>Trois chambres, deux salles de bain, placards, grenier.<\/p>\n<p class=\"unnamed1\" align=\"justify\"><u>Type A2 \u2013<\/u>\u00a0Une maison comprenant\u00a0:<br \/><u>Au rez\u2013de\u2013chauss\u00e9e\u00a0:<\/u><br \/>Hall d\u2019entr\u00e9e, s\u00e9jour, salle \u00e0 manger, cuisine, cellier, cabinet d\u2019aisances, garage.<br \/><u>Au premier \u00e9tage :<\/u><br \/>Quatre chambres dont une avec mezzanine, deux salles de bain, placards, grenier.<\/p>\n<p class=\"unnamed1\" align=\"justify\"><u>Type A3 \u2013<\/u>\u00a0Une maison comprenant\u00a0:<br \/><u>Au rez\u2013de\u2013chauss\u00e9e\u00a0:<\/u><br \/>Hall d\u2019entr\u00e9e, s\u00e9jour, salle \u00e0 manger, cuisine, cellier, cabinet d\u2019aisances, placards.<br \/><u>Au premier \u00e9tage\u00a0:<\/u><br \/>Cinq chambres dont une avec lavabo, deux salles de bain, placards, grenier<\/p>\n<p><a id=\"appart\"><\/a><strong><span style=\"color: #006600;\">II \u2013 Appartements<\/span><\/strong><\/p>\n<p align=\"justify\">Six types d\u2019appartements\u00a0:<\/p>\n<p class=\"unnamed1\" align=\"justify\"><em><span style=\"color: #333399;\">1 \u2013 Un appartement \u2013 au rez\u2013de\u2013chauss\u00e9e \u00e0 gauche, compos\u00e9 de\u00a0:<\/span><\/em>\u00a0quatre pi\u00e8ces principales, entr\u00e9e, d\u00e9gagement, salle de bains, douche, cuisine, cellier avec vide ordures, water-closet, Droit de jouissance d\u2019un jardin privatif.<\/p>\n<p class=\"unnamed1\" align=\"justify\"><span style=\"color: #333399;\"><em>2 \u2013 Un appartement \u2013 au rez\u2013de\u2013chauss\u00e9e \u00e0 droite, compos\u00e9 de\u00a0:<\/em><\/span>\u00a0quatre pi\u00e8ces principales, entr\u00e9e, d\u00e9gagement, salle de bains, douche, dressing room, water-closet, cuisine, cellier avec vide ordures. Droit de jouissance d\u2019un jardin privatif.<br \/><span style=\"color: #333399;\"><em><br \/>3 \u2013 Un appartement \u2013 au premier \u00e9tage \u00e0 droite, compos\u00e9 de\u00a0:<\/em><\/span>\u00a0cinq pi\u00e8ces principales, entr\u00e9e, d\u00e9gagement, salle de bains, douche, water-closet, cuisine, cellier avec vide ordures, terrasse.<\/p>\n<p class=\"unnamed1\" align=\"justify\"><em><span style=\"color: #333399;\">4 \u2013 Un appartement \u2013 au premier \u00e9tage \u00e0 gauche, compos\u00e9 de\u00a0:<\/span><\/em>\u00a0quatre pi\u00e8ces principales, entr\u00e9e, d\u00e9gagement, salle de bains, douche, water-closet, cuisine, cellier avec vide ordures, terrasse.<br \/><span style=\"color: #333399;\"><em><br \/>5 \u2013 Un appartement \u2013 au deuxi\u00e8me \u00e9tage \u00e0 droite, compos\u00e9 de\u00a0:<\/em><\/span>\u00a0sept pi\u00e8ces principales, entr\u00e9e, d\u00e9gagement, escalier, cuisine, cellier avec vide ordures, water-closet, salle de bains, douche, terrasse, toilettes.<\/p>\n<p class=\"unnamed1\" align=\"justify\"><em><span style=\"color: #333399;\">6 \u2013 Un appartement \u2013 au deuxi\u00e8me \u00e9tage \u00e0 gauche, compos\u00e9 de\u00a0:<\/span><\/em>\u00a0six pi\u00e8ces principales, entr\u00e9e, d\u00e9gagement, cuisine, cellier avec vide ordures, water-closet, salle de bains, douche, terrasse, escalier, toilettes<\/p>\n<p class=\"unnamed1\" align=\"justify\"><u>Sous sols des immeubles :<\/u><br \/>Aux sous sols de chacun des trois immeubles sont dispos\u00e9s :<br \/>&#8211; Les chambres de services et leur groupe sanitaire<br \/>&#8211; Les locaux techniques<br \/>&#8211; Les garages individuels et<br \/>&#8211; Les caves<\/p>\n<p>\n<\/div><\/div><\/div><\/div><\/div><\/section><\/p>\n","protected":false},"excerpt":{"rendered":"","protected":false},"author":1,"featured_media":0,"parent":0,"menu_order":0,"comment_status":"closed","ping_status":"closed","template":"","meta":{"site-sidebar-layout":"default","site-content-layout":"default","ast-site-content-layout":"default","site-content-style":"default","site-sidebar-style":"default","ast-global-header-display":"","ast-banner-title-visibility":"","ast-main-header-display":"","ast-hfb-above-header-display":"","ast-hfb-below-header-display":"","ast-hfb-mobile-header-display":"","site-post-title":"disabled","ast-breadcrumbs-content":"","ast-featured-img":"","footer-sml-layout":"","ast-disable-related-posts":"","theme-transparent-header-meta":"default","adv-header-id-meta":"","stick-header-meta":"","header-above-stick-meta":"","header-main-stick-meta":"","header-below-stick-meta":"","astra-migrate-meta-layouts":"default","ast-page-background-enabled":"default","ast-page-background-meta":{"desktop":{"background-color":"var(--ast-global-color-4)","background-image":"","background-repeat":"repeat","background-position":"center center","background-size":"auto","background-attachment":"scroll","background-type":"","background-media":"","overlay-type":"","overlay-color":"","overlay-opacity":"","overlay-gradient":""},"tablet":{"background-color":"","background-image":"","background-repeat":"repeat","background-position":"center center","background-size":"auto","background-attachment":"scroll","background-type":"","background-media":"","overlay-type":"","overlay-color":"","overlay-opacity":"","overlay-gradient":""},"mobile":{"background-color":"","background-image":"","background-repeat":"repeat","background-position":"center center","background-size":"auto","background-attachment":"scroll","background-type":"","background-media":"","overlay-type":"","overlay-color":"","overlay-opacity":"","overlay-gradient":""}},"ast-content-background-meta":{"desktop":{"background-color":"var(--ast-global-color-5)","background-image":"","background-repeat":"repeat","background-position":"center center","background-size":"auto","background-attachment":"scroll","background-type":"","background-media":"","overlay-type":"","overlay-color":"","overlay-opacity":"","overlay-gradient":""},"tablet":{"background-color":"var(--ast-global-color-5)","background-image":"","background-repeat":"repeat","background-position":"center center","background-size":"auto","background-attachment":"scroll","background-type":"","background-media":"","overlay-type":"","overlay-color":"","overlay-opacity":"","overlay-gradient":""},"mobile":{"background-color":"var(--ast-global-color-5)","background-image":"","background-repeat":"repeat","background-position":"center center","background-size":"auto","background-attachment":"scroll","background-type":"","background-media":"","overlay-type":"","overlay-color":"","overlay-opacity":"","overlay-gradient":""}},"footnotes":""},"class_list":["post-134","page","type-page","status-publish","hentry"],"_links":{"self":[{"href":"https:\/\/clos-salibert.fr\/index.php\/wp-json\/wp\/v2\/pages\/134","targetHints":{"allow":["GET"]}}],"collection":[{"href":"https:\/\/clos-salibert.fr\/index.php\/wp-json\/wp\/v2\/pages"}],"about":[{"href":"https:\/\/clos-salibert.fr\/index.php\/wp-json\/wp\/v2\/types\/page"}],"author":[{"embeddable":true,"href":"https:\/\/clos-salibert.fr\/index.php\/wp-json\/wp\/v2\/users\/1"}],"replies":[{"embeddable":true,"href":"https:\/\/clos-salibert.fr\/index.php\/wp-json\/wp\/v2\/comments?post=134"}],"version-history":[{"count":0,"href":"https:\/\/clos-salibert.fr\/index.php\/wp-json\/wp\/v2\/pages\/134\/revisions"}],"wp:attachment":[{"href":"https:\/\/clos-salibert.fr\/index.php\/wp-json\/wp\/v2\/media?parent=134"}],"curies":[{"name":"wp","href":"https:\/\/api.w.org\/{rel}","templated":true}]}}