{"id":106,"date":"2021-03-21T15:15:02","date_gmt":"2021-03-21T14:15:02","guid":{"rendered":"https:\/\/clos-salibert.fr\/?page_id=106"},"modified":"2021-04-06T21:48:03","modified_gmt":"2021-04-06T19:48:03","slug":"plan-dacces","status":"publish","type":"page","link":"https:\/\/clos-salibert.fr\/index.php\/plan-dacces\/","title":{"rendered":"Acc\u00e8s au Clos Salibert"},"content":{"rendered":"<p><section class=\"kc-elm kc-css-242132 kc_row\"><div class=\"kc-row-container  kc-container\"><div class=\"kc-wrap-columns\"><div class=\"kc-elm kc-css-390086 kc_col-sm-12 kc_column kc_col-sm-12\"><div class=\"kc-col-container\"><div class=\"kc-elm kc-css-223371 kc_text_block\"><\/p>\n<h1 style=\"text-align: center;\"><strong>Acc\u00e8s au Clos Salibert<\/strong><\/h1>\n<p>\n<\/div><\/div><\/div><\/div><\/div><\/section><section class=\"kc-elm kc-css-134398 kc_row\"><div class=\"kc-row-container  kc-container\"><div class=\"kc-wrap-columns\"><div class=\"kc-elm kc-css-685518 kc_col-sm-12 kc_column kc_col-sm-12\"><div class=\"kc-col-container\"><div class=\"kc-elm kc-css-217279 kc_text_block\"><\/p>\n<p>> <a href=\"https:\/\/clos-salibert.fr\/index.php\/presentation\/\">Pr\u00e9sentation<\/a> ><b>\u00a0Plan d&#039;acc\u00e8s &#8211; Plan de la r\u00e9sidence<\/b><\/p>\n<p>\n<\/div><\/div><\/div><\/div><\/div><\/section><section class=\"kc-elm kc-css-471057 kc_row\"><div class=\"kc-row-container  kc-container\"><div class=\"kc-wrap-columns\"><div class=\"kc-elm kc-css-735225 kc_col-sm-12 kc_column kc_col-sm-12\"><div class=\"kc-col-container\"><div class=\"kc-elm kc-css-317898 kc_text_block\"><\/p>\n<p class=\"justifiednavy\" style=\"font-family: Verdana, Arial, Helvetica, sans-serif; font-size: 14px; font-style: normal; text-align: justify; line-height: 18px; font-weight: 400;\" align=\"justify\">La commune de Saint Nom La Bret\u00e8che est situ\u00e9e \u00e0 l\u2019ouest de Paris dans le d\u00e9partement des Yvelines sur la nationale 307 \u00e0 27 Km de la porte de St Cloud. En compl\u00e9ment, pri\u00e8re de vous reporter au B.A &#8211; BA de ce site :<\/p>\n<p><span style=\"color: #006600;\"><strong><u>Pour acc\u00e9der depuis Paris :<\/u><\/strong><\/span><\/p>\n<p class=\"justifiednavy\" style=\"font-family: Verdana, Arial, Helvetica, sans-serif; font-size: 14px; font-style: normal; text-align: justify; line-height: 18px; color: navy; font-weight: 400;\" align=\"justify\"><span style=\"color: #006600;\"><strong>En voiture\u00a0:<\/strong><\/span><\/p>\n<p>&#8211; Emprunter l\u2019autoroute A 13 et prendre la seconde sortie (St Germain en Laye). Rester sur la partie gauche de la bretelle de sortie. Vous passerez alors sur le pont de l\u2019A13. Rester sur votre droite. Puis 100 m apr\u00e8s le deuxi\u00e8me feu tricolore, prenez la premi\u00e8re route \u00e0 droite, la D 307, en direction de St Nom La Bret\u00e8che qui est 6 Km.<br \/>&#8211; Depuis la porte de St Cloud, emprunter la D 907 qui se prolonge par le D 307.<\/p>\n<p class=\"justifiednavy\" style=\"font-family: Verdana, Arial, Helvetica, sans-serif; font-size: 14px; font-style: normal; text-align: justify; line-height: 18px; color: navy; font-weight: 400;\" align=\"justify\"><span style=\"color: #99cc99;\"><strong><br \/><span style=\"color: #006600;\">En chemin de fer prendre le train \u00e0 la gare de :<\/span><\/strong><\/span><\/p>\n<p>&#8211; St Lazare ou de La D\u00e9fense qui desservent la gare de St Nom. Cette gare est situ\u00e9e en for\u00eat de St Germain en Laye \u00e0 4 Km du centre de la commune. Dur\u00e9e du trajet entre St Lazare et St Nom : 38 minutes.<\/p>\n<p>&#8211; Montparnasse et descendre \u00e0 la gare de Villepreux \u2013 Les Clayes sous Bois qui est \u00e0 moins de 10 mn de St Nom en voiture.<\/p>\n<p class=\"justifiednavy\" style=\"font-family: Verdana, Arial, Helvetica, sans-serif; font-size: 14px; font-style: normal; text-align: justify; line-height: 18px; font-weight: 400;\" align=\"justify\"><span style=\"color: #006600;\"><strong>En RER\u00a0:<\/strong><\/span>\u00a0se rendre \u00e0 St Germain en Laye par la ligne puis prendre un bus \u00e0 la gare routi\u00e8re du ch\u00e2teau ou un taxi. La ligne de bus 17 entre Versailles et N\u00e9zel dessert Le Chesnay, St Nom et Maule.<\/p>\n<p class=\"justifiednavy\" style=\"font-family: Verdana, Arial, Helvetica, sans-serif; font-size: 14px; font-style: normal; text-align: justify; line-height: 18px; font-weight: 400;\" align=\"justify\"><span style=\"color: #006600;\"><strong>Transport communal :<\/strong><\/span><\/p>\n<p class=\"justifiednavy\" style=\"font-family: Verdana, Arial, Helvetica, sans-serif; font-size: 14px; font-style: normal; text-align: justify; line-height: 18px; font-weight: 400;\" align=\"justify\">Un service de navette TAD relie la gare de St Nom \u00e0 plusieurs arr\u00eats en commune. Ce service fonctionne le matin et en fin de journ\u00e9e.<br \/>Pour plus de renseignement pri\u00e8re de contacter la Mairie au 01 30 80 07 00<\/p>\n<p>\n<\/div><\/div><\/div><\/div><\/div><\/section><section class=\"kc-elm kc-css-610242 kc_row\"><div class=\"kc-row-container  kc-container\"><div class=\"kc-wrap-columns\"><div class=\"kc-elm kc-css-975226 kc_col-sm-12 kc_column kc_col-sm-12\"><div class=\"kc-col-container\"><div class=\"kc-elm kc-css-11923 kc_text_block\"><\/p>\n<h4><strong id=\"plan\">PLAN DE LA RESIDENCE<\/strong><\/h4>\n<p>\n<\/div><\/div><\/div><\/div><\/div><\/section><section class=\"kc-elm kc-css-530841 kc_row\"><div class=\"kc-row-container  kc-container\"><div class=\"kc-wrap-columns\"><div class=\"kc-elm kc-css-327312 kc_col-sm-6 kc_column kc_col-sm-6\"><div class=\"kc-col-container\"><div class=\"kc-elm kc-css-917519 kc_shortcode kc_single_image\">\n\n        <a rel=\"prettyPhoto\" class=\"kc-pretty-photo\" href=\"https:\/\/clos-salibert.fr\/wp-content\/uploads\/2021\/03\/plan.jpeg\" title=\"\" target=\"\">\n        <img decoding=\"async\" data-src=\"https:\/\/clos-salibert.fr\/wp-content\/uploads\/2021\/03\/plan.jpeg\" alt=\"\" src=\"data:image\/svg+xml;base64,PHN2ZyB3aWR0aD0iMSIgaGVpZ2h0PSIxIiB4bWxucz0iaHR0cDovL3d3dy53My5vcmcvMjAwMC9zdmciPjwvc3ZnPg==\" class=\"lazyload\" style=\"--smush-placeholder-width: 500px; --smush-placeholder-aspect-ratio: 500\/415;\" \/>    <\/a>\n    <\/div>\n<\/div><\/div><div class=\"kc-elm kc-css-422531 kc_col-sm-6 kc_column kc_col-sm-6\"><div class=\"kc-col-container\"><div class=\"kc-elm kc-css-824032 kc_text_block\"><\/p>\n<ul>\n<li><span style=\"font-style: inherit; font-family: -apple-system, BlinkMacSystemFont,;\">Loge : 1<\/span><sup style=\"font-style: inherit; font-family: -apple-system, BlinkMacSystemFont,;\">i\u00e8re<\/sup><span style=\"font-style: inherit; font-family: -apple-system, BlinkMacSystemFont,;\">\u00a0maison \u00e0 gauche<\/span><\/li>\n<li>1<sup>i\u00e8re<\/sup>\u00a0all\u00e9e \u00e0 gauche : Les Acacias<\/li>\n<li>1<sup>i\u00e8re<\/sup>\u00a0all\u00e9e \u00e0 droite ; Les Sorbiers<\/li>\n<li>2<sup>i\u00e8me<\/sup>\u00a0all\u00e9e \u00e0 gauche : Les Erables<\/li>\n<li>2<sup>i\u00e8me<\/sup>\u00a0all\u00e9e \u00e0 droite : les Charmes<\/li>\n<li>3<sup>i\u00e8me<\/sup>\u00a0all\u00e9e \u00e0 gauche : Les C\u00e8dres<\/li>\n<li>1<sup>i\u00e8r<\/sup>\u00a0b\u00e2timent \u00e0 droite apr\u00e8s la 2<sup>i\u00e8me<\/sup>\u00a0all\u00e9e \u00e0 droite : Les Bruy\u00e8res<\/li>\n<li>et tout au bout : Les Ormes.<\/li>\n<\/ul>\n<p>\n<\/div><\/div><\/div><\/div><\/div><\/section><\/p>\n","protected":false},"excerpt":{"rendered":"","protected":false},"author":1,"featured_media":0,"parent":0,"menu_order":0,"comment_status":"closed","ping_status":"closed","template":"","meta":{"site-sidebar-layout":"default","site-content-layout":"default","ast-site-content-layout":"default","site-content-style":"default","site-sidebar-style":"default","ast-global-header-display":"","ast-banner-title-visibility":"","ast-main-header-display":"","ast-hfb-above-header-display":"","ast-hfb-below-header-display":"","ast-hfb-mobile-header-display":"","site-post-title":"disabled","ast-breadcrumbs-content":"","ast-featured-img":"","footer-sml-layout":"","ast-disable-related-posts":"","theme-transparent-header-meta":"default","adv-header-id-meta":"","stick-header-meta":"","header-above-stick-meta":"","header-main-stick-meta":"","header-below-stick-meta":"","astra-migrate-meta-layouts":"default","ast-page-background-enabled":"default","ast-page-background-meta":{"desktop":{"background-color":"var(--ast-global-color-4)","background-image":"","background-repeat":"repeat","background-position":"center center","background-size":"auto","background-attachment":"scroll","background-type":"","background-media":"","overlay-type":"","overlay-color":"","overlay-opacity":"","overlay-gradient":""},"tablet":{"background-color":"","background-image":"","background-repeat":"repeat","background-position":"center center","background-size":"auto","background-attachment":"scroll","background-type":"","background-media":"","overlay-type":"","overlay-color":"","overlay-opacity":"","overlay-gradient":""},"mobile":{"background-color":"","background-image":"","background-repeat":"repeat","background-position":"center center","background-size":"auto","background-attachment":"scroll","background-type":"","background-media":"","overlay-type":"","overlay-color":"","overlay-opacity":"","overlay-gradient":""}},"ast-content-background-meta":{"desktop":{"background-color":"var(--ast-global-color-5)","background-image":"","background-repeat":"repeat","background-position":"center center","background-size":"auto","background-attachment":"scroll","background-type":"","background-media":"","overlay-type":"","overlay-color":"","overlay-opacity":"","overlay-gradient":""},"tablet":{"background-color":"var(--ast-global-color-5)","background-image":"","background-repeat":"repeat","background-position":"center center","background-size":"auto","background-attachment":"scroll","background-type":"","background-media":"","overlay-type":"","overlay-color":"","overlay-opacity":"","overlay-gradient":""},"mobile":{"background-color":"var(--ast-global-color-5)","background-image":"","background-repeat":"repeat","background-position":"center center","background-size":"auto","background-attachment":"scroll","background-type":"","background-media":"","overlay-type":"","overlay-color":"","overlay-opacity":"","overlay-gradient":""}},"footnotes":""},"class_list":["post-106","page","type-page","status-publish","hentry"],"_links":{"self":[{"href":"https:\/\/clos-salibert.fr\/index.php\/wp-json\/wp\/v2\/pages\/106","targetHints":{"allow":["GET"]}}],"collection":[{"href":"https:\/\/clos-salibert.fr\/index.php\/wp-json\/wp\/v2\/pages"}],"about":[{"href":"https:\/\/clos-salibert.fr\/index.php\/wp-json\/wp\/v2\/types\/page"}],"author":[{"embeddable":true,"href":"https:\/\/clos-salibert.fr\/index.php\/wp-json\/wp\/v2\/users\/1"}],"replies":[{"embeddable":true,"href":"https:\/\/clos-salibert.fr\/index.php\/wp-json\/wp\/v2\/comments?post=106"}],"version-history":[{"count":2,"href":"https:\/\/clos-salibert.fr\/index.php\/wp-json\/wp\/v2\/pages\/106\/revisions"}],"predecessor-version":[{"id":1163,"href":"https:\/\/clos-salibert.fr\/index.php\/wp-json\/wp\/v2\/pages\/106\/revisions\/1163"}],"wp:attachment":[{"href":"https:\/\/clos-salibert.fr\/index.php\/wp-json\/wp\/v2\/media?parent=106"}],"curies":[{"name":"wp","href":"https:\/\/api.w.org\/{rel}","templated":true}]}}